{"id":4132,"date":"2025-03-26T16:42:26","date_gmt":"2025-03-26T15:42:26","guid":{"rendered":"https:\/\/technirel.com\/?page_id=4132"},"modified":"2025-03-28T16:59:14","modified_gmt":"2025-03-28T15:59:14","slug":"catalogue-produits-technirel-en","status":"publish","type":"page","link":"https:\/\/technirel.com\/en\/catalogue-produits-technirel-en\/","title":{"rendered":"Technirel product catalog"},"content":{"rendered":"<p>[vc_row content_placement=&#8221;middle&#8221; bg_type=&#8221;bg_color&#8221; bg_override=&#8221;ex-full&#8221; css=&#8221;.vc_custom_1523960621704{padding-top: 0px !important;}&#8221; bg_color_value=&#8221;#f1f1f1&#8243;][vc_column el_class=&#8221;no-pt-mobile&#8221;][vc_column_text css=&#8221;.vc_custom_1743177072760{margin-bottom: 0px !important;}&#8221;]<\/p>\n<h2 style=\"text-align: center;\">Download the Technirel product catalog for individual and collective lifting stations.<\/h2>\n<p>[\/vc_column_text]<div class=\"ult-spacer spacer-69f54cfd3b6f6\" data-id=\"69f54cfd3b6f6\" data-height=\"30\" data-height-mobile=\"30\" data-height-tab=\"30\" data-height-tab-portrait=\"\" data-height-mobile-landscape=\"\" style=\"clear:both;display:block;\"><\/div>[vc_single_image image=&#8221;4140&#8243; alignment=&#8221;center&#8221;][vc_btn title=&#8221;Download the Technirel catalog&#8221; color=&#8221;juicy-pink&#8221; align=&#8221;center&#8221; link=&#8221;url:https%3A%2F%2Ftechnirel.com%2Fwp-content%2Fuploads%2F2025%2F03%2Ftechnirel-catalogue-en-bd_compressed.pdf||target:%20_blank|&#8221;][\/vc_column][\/vc_row]<\/p>\n","protected":false},"excerpt":{"rendered":"<p>[vc_row content_placement=&#8221;middle&#8221; bg_type=&#8221;bg_color&#8221; bg_override=&#8221;ex-full&#8221; css=&#8221;.vc_custom_1523960621704{padding-top: 0px !important;}&#8221; bg_color_value=&#8221;#f1f1f1&#8243;][vc_column el_class=&#8221;no-pt-mobile&#8221;][vc_column_text css=&#8221;.vc_custom_1743177072760{margin-bottom: 0px !important;}&#8221;] Download the Technirel product catalog for individual and collective lifting stations. [\/vc_column_text][vc_single_image image=&#8221;4140&#8243; alignment=&#8221;center&#8221;][vc_btn title=&#8221;Download the Technirel catalog&#8221; color=&#8221;juicy-pink&#8221; align=&#8221;center&#8221; link=&#8221;url:https%3A%2F%2Ftechnirel.com%2Fwp-content%2Fuploads%2F2025%2F03%2Ftechnirel-catalogue-en-bd_compressed.pdf||target:%20_blank|&#8221;][\/vc_column][\/vc_row]<\/p>\n","protected":false},"author":4,"featured_media":0,"parent":0,"menu_order":0,"comment_status":"closed","ping_status":"closed","template":"","meta":{"_acf_changed":false,"footnotes":""},"class_list":["post-4132","page","type-page","status-publish","hentry","description-off"],"acf":[],"yoast_head":"<!-- This site is optimized with the Yoast SEO plugin v27.4 - https:\/\/yoast.com\/product\/yoast-seo-wordpress\/ -->\n<title>Technirel Lifting Stations Product Catalog<\/title>\n<meta name=\"description\" content=\"Consult the Technirel product catalog for individual and collective lifting stations, lifting pumps, and accessories.\" \/>\n<meta name=\"robots\" content=\"index, follow, max-snippet:-1, max-image-preview:large, max-video-preview:-1\" \/>\n<link rel=\"canonical\" href=\"https:\/\/technirel.com\/en\/catalogue-produits-technirel-en\/\" \/>\n<meta property=\"og:locale\" content=\"en_US\" \/>\n<meta property=\"og:type\" content=\"article\" \/>\n<meta property=\"og:title\" content=\"Station relevage maison individuelle double pompe SANIREL 400 DP\" \/>\n<meta property=\"og:description\" content=\"Poste de relevage pr\u00eat \u00e0 poser double pompe, eaux charg\u00e9es WC, 400 litres, pour maisons individuelles, grande s\u00e9curit\u00e9, petit collectif. Fabrication Francais\" \/>\n<meta property=\"og:url\" content=\"https:\/\/technirel.com\/en\/catalogue-produits-technirel-en\/\" \/>\n<meta property=\"og:site_name\" content=\"Technirel\" \/>\n<meta property=\"article:modified_time\" content=\"2025-03-28T15:59:14+00:00\" \/>\n<meta property=\"og:image\" content=\"https:\/\/technirel.com\/wp-content\/uploads\/2017\/11\/technirel-facade.jpg\" \/>\n\t<meta property=\"og:image:width\" content=\"1031\" \/>\n\t<meta property=\"og:image:height\" content=\"955\" \/>\n\t<meta property=\"og:image:type\" content=\"image\/jpeg\" \/>\n<meta name=\"twitter:card\" content=\"summary_large_image\" \/>\n<meta name=\"twitter:title\" content=\"Station relevage maison individuelle double pompe SANIREL 400 DP\" \/>\n<meta name=\"twitter:description\" content=\"Poste de relevage pr\u00eat \u00e0 poser double pompe, eaux charg\u00e9es WC, 400 litres, pour maisons individuelles, grande s\u00e9curit\u00e9, petit collectif. Fabrication Francais\" \/>\n<meta name=\"twitter:image\" content=\"https:\/\/technirel.com\/wp-content\/uploads\/2017\/11\/technirel-facade.jpg\" \/>\n<meta name=\"twitter:label1\" content=\"Est. reading time\" \/>\n\t<meta name=\"twitter:data1\" content=\"1 minute\" \/>\n<script type=\"application\/ld+json\" class=\"yoast-schema-graph\">{\"@context\":\"https:\\\/\\\/schema.org\",\"@graph\":[{\"@type\":\"WebPage\",\"@id\":\"https:\\\/\\\/technirel.com\\\/en\\\/catalogue-produits-technirel-en\\\/\",\"url\":\"https:\\\/\\\/technirel.com\\\/en\\\/catalogue-produits-technirel-en\\\/\",\"name\":\"Technirel Lifting Stations Product Catalog\",\"isPartOf\":{\"@id\":\"https:\\\/\\\/technirel.com\\\/#website\"},\"datePublished\":\"2025-03-26T15:42:26+00:00\",\"dateModified\":\"2025-03-28T15:59:14+00:00\",\"description\":\"Consult the Technirel product catalog for individual and collective lifting stations, lifting pumps, and accessories.\",\"breadcrumb\":{\"@id\":\"https:\\\/\\\/technirel.com\\\/en\\\/catalogue-produits-technirel-en\\\/#breadcrumb\"},\"inLanguage\":\"en-US\",\"potentialAction\":[{\"@type\":\"ReadAction\",\"target\":[\"https:\\\/\\\/technirel.com\\\/en\\\/catalogue-produits-technirel-en\\\/\"]}]},{\"@type\":\"BreadcrumbList\",\"@id\":\"https:\\\/\\\/technirel.com\\\/en\\\/catalogue-produits-technirel-en\\\/#breadcrumb\",\"itemListElement\":[{\"@type\":\"ListItem\",\"position\":1,\"name\":\"Accueil\",\"item\":\"https:\\\/\\\/technirel.com\\\/en\\\/\"},{\"@type\":\"ListItem\",\"position\":2,\"name\":\"Technirel product catalog\"}]},{\"@type\":\"WebSite\",\"@id\":\"https:\\\/\\\/technirel.com\\\/#website\",\"url\":\"https:\\\/\\\/technirel.com\\\/\",\"name\":\"Technirel\",\"description\":\"Fabriquant expert en stations de relevage\",\"publisher\":{\"@id\":\"https:\\\/\\\/technirel.com\\\/#organization\"},\"potentialAction\":[{\"@type\":\"SearchAction\",\"target\":{\"@type\":\"EntryPoint\",\"urlTemplate\":\"https:\\\/\\\/technirel.com\\\/?s={search_term_string}\"},\"query-input\":{\"@type\":\"PropertyValueSpecification\",\"valueRequired\":true,\"valueName\":\"search_term_string\"}}],\"inLanguage\":\"en-US\"},{\"@type\":\"Organization\",\"@id\":\"https:\\\/\\\/technirel.com\\\/#organization\",\"name\":\"Technirel\",\"url\":\"https:\\\/\\\/technirel.com\\\/\",\"logo\":{\"@type\":\"ImageObject\",\"inLanguage\":\"en-US\",\"@id\":\"https:\\\/\\\/technirel.com\\\/#\\\/schema\\\/logo\\\/image\\\/\",\"url\":\"https:\\\/\\\/technirel.com\\\/wp-content\\\/uploads\\\/2017\\\/12\\\/logo-75.png\",\"contentUrl\":\"https:\\\/\\\/technirel.com\\\/wp-content\\\/uploads\\\/2017\\\/12\\\/logo-75.png\",\"width\":335,\"height\":75,\"caption\":\"Technirel\"},\"image\":{\"@id\":\"https:\\\/\\\/technirel.com\\\/#\\\/schema\\\/logo\\\/image\\\/\"}}]}<\/script>\n<!-- \/ Yoast SEO plugin. -->","yoast_head_json":{"title":"Technirel Lifting Stations Product Catalog","description":"Consult the Technirel product catalog for individual and collective lifting stations, lifting pumps, and accessories.","robots":{"index":"index","follow":"follow","max-snippet":"max-snippet:-1","max-image-preview":"max-image-preview:large","max-video-preview":"max-video-preview:-1"},"canonical":"https:\/\/technirel.com\/en\/catalogue-produits-technirel-en\/","og_locale":"en_US","og_type":"article","og_title":"Station relevage maison individuelle double pompe SANIREL 400 DP","og_description":"Poste de relevage pr\u00eat \u00e0 poser double pompe, eaux charg\u00e9es WC, 400 litres, pour maisons individuelles, grande s\u00e9curit\u00e9, petit collectif. Fabrication Francais","og_url":"https:\/\/technirel.com\/en\/catalogue-produits-technirel-en\/","og_site_name":"Technirel","article_modified_time":"2025-03-28T15:59:14+00:00","og_image":[{"width":1031,"height":955,"url":"https:\/\/technirel.com\/wp-content\/uploads\/2017\/11\/technirel-facade.jpg","type":"image\/jpeg"}],"twitter_card":"summary_large_image","twitter_title":"Station relevage maison individuelle double pompe SANIREL 400 DP","twitter_description":"Poste de relevage pr\u00eat \u00e0 poser double pompe, eaux charg\u00e9es WC, 400 litres, pour maisons individuelles, grande s\u00e9curit\u00e9, petit collectif. Fabrication Francais","twitter_image":"https:\/\/technirel.com\/wp-content\/uploads\/2017\/11\/technirel-facade.jpg","twitter_misc":{"Est. reading time":"1 minute"},"schema":{"@context":"https:\/\/schema.org","@graph":[{"@type":"WebPage","@id":"https:\/\/technirel.com\/en\/catalogue-produits-technirel-en\/","url":"https:\/\/technirel.com\/en\/catalogue-produits-technirel-en\/","name":"Technirel Lifting Stations Product Catalog","isPartOf":{"@id":"https:\/\/technirel.com\/#website"},"datePublished":"2025-03-26T15:42:26+00:00","dateModified":"2025-03-28T15:59:14+00:00","description":"Consult the Technirel product catalog for individual and collective lifting stations, lifting pumps, and accessories.","breadcrumb":{"@id":"https:\/\/technirel.com\/en\/catalogue-produits-technirel-en\/#breadcrumb"},"inLanguage":"en-US","potentialAction":[{"@type":"ReadAction","target":["https:\/\/technirel.com\/en\/catalogue-produits-technirel-en\/"]}]},{"@type":"BreadcrumbList","@id":"https:\/\/technirel.com\/en\/catalogue-produits-technirel-en\/#breadcrumb","itemListElement":[{"@type":"ListItem","position":1,"name":"Accueil","item":"https:\/\/technirel.com\/en\/"},{"@type":"ListItem","position":2,"name":"Technirel product catalog"}]},{"@type":"WebSite","@id":"https:\/\/technirel.com\/#website","url":"https:\/\/technirel.com\/","name":"Technirel","description":"Fabriquant expert en stations de relevage","publisher":{"@id":"https:\/\/technirel.com\/#organization"},"potentialAction":[{"@type":"SearchAction","target":{"@type":"EntryPoint","urlTemplate":"https:\/\/technirel.com\/?s={search_term_string}"},"query-input":{"@type":"PropertyValueSpecification","valueRequired":true,"valueName":"search_term_string"}}],"inLanguage":"en-US"},{"@type":"Organization","@id":"https:\/\/technirel.com\/#organization","name":"Technirel","url":"https:\/\/technirel.com\/","logo":{"@type":"ImageObject","inLanguage":"en-US","@id":"https:\/\/technirel.com\/#\/schema\/logo\/image\/","url":"https:\/\/technirel.com\/wp-content\/uploads\/2017\/12\/logo-75.png","contentUrl":"https:\/\/technirel.com\/wp-content\/uploads\/2017\/12\/logo-75.png","width":335,"height":75,"caption":"Technirel"},"image":{"@id":"https:\/\/technirel.com\/#\/schema\/logo\/image\/"}}]}},"_links":{"self":[{"href":"https:\/\/technirel.com\/en\/wp-json\/wp\/v2\/pages\/4132","targetHints":{"allow":["GET"]}}],"collection":[{"href":"https:\/\/technirel.com\/en\/wp-json\/wp\/v2\/pages"}],"about":[{"href":"https:\/\/technirel.com\/en\/wp-json\/wp\/v2\/types\/page"}],"author":[{"embeddable":true,"href":"https:\/\/technirel.com\/en\/wp-json\/wp\/v2\/users\/4"}],"replies":[{"embeddable":true,"href":"https:\/\/technirel.com\/en\/wp-json\/wp\/v2\/comments?post=4132"}],"version-history":[{"count":4,"href":"https:\/\/technirel.com\/en\/wp-json\/wp\/v2\/pages\/4132\/revisions"}],"predecessor-version":[{"id":4137,"href":"https:\/\/technirel.com\/en\/wp-json\/wp\/v2\/pages\/4132\/revisions\/4137"}],"wp:attachment":[{"href":"https:\/\/technirel.com\/en\/wp-json\/wp\/v2\/media?parent=4132"}],"curies":[{"name":"wp","href":"https:\/\/api.w.org\/{rel}","templated":true}]}}